{"id":410,"date":"2017-11-14T11:55:54","date_gmt":"2017-11-14T10:55:54","guid":{"rendered":"https:\/\/www.laemmlin-schindler.de\/?page_id=410"},"modified":"2021-05-26T14:48:37","modified_gmt":"2021-05-26T12:48:37","slug":"the-estate","status":"publish","type":"page","link":"https:\/\/www.laemmlin-schindler.de\/en\/the-estate\/","title":{"rendered":"The Estate"},"content":{"rendered":"<p>Originally from the area of Heilbronn, after the Thirty Year\u2019s War (1618-1648) the L\u00e4mmlins, a family of winegrowers, moved to the southern part of the Markgr\u00e4flerland. There, settled between the river Rhein and the foothill zone of the Black Forest, a mild climate, moderate wind and regular rainfall offer perfect conditions for growing wine. In the small village of Mauchen, embedded within a side valley of the Rhine Plain, the present-day winery L\u00e4mmlin-Schindler is framed by the &#8220;Gro\u00dfe Lagen&#8221; of the vineyard slopes Mauchener Sonnenst\u00fcck and Mauchener Frauenberg, which belong to Germany\u2019s finest vineyard parcels.<\/p>\n<p class=\"insert quote\">The name of the idyllic village of Mauchen originates from the Alemannic term \u201cmuche\u201d, which means \u201chidden\u201d, as it lies well sheltered at the bottom of a valley between the river Rhein and the foothill zone of the Black Forest between Freiburg and Basel.<\/p>\n<p>Viticulture is one the oldest occupations of the world, and the L\u00e4mmlins themselves have been growing wine since the 12th century. The framed family tree hanging above the nutwood table at the estate&#8217;s tasting room gives testimony of the family&#8217;s long history and ramification. L\u00e4mmlin-Schindlers are today still deeply attached to their families&#8217; history and knowledge, which can be witnessed in their close connection to nature when working in the vineyard as well as in their respectful handling of nature&#8217;s resources.<\/p>\n<p>In 1995 Gerd Schindler took over from his parents and has since managed the estate with sincere dedication and love for the wine and the region in which he and his family live. While respecting its history and traditions, he and his wife Heidi and their four children have gently led the family business into modern times. While retaining initial varieties like Gutedel, Sp\u00e4tburgunder, Wei\u00dfburgunder and Grauburgunder, they have also planted new varieties like Merlot and Sauvignon Blanc.<\/p>\n<p>In 1989 the family decided to resolutely turn to organic viticulture in order to guarantee that the authenticity and premium quality of the Mauchener vineyards also find their way into the wine.<\/p>\n<p>&nbsp;<\/p>\n<p><img loading=\"lazy\" decoding=\"async\" class=\"alignnone size-full wp-image-198\" src=\"\/cms\/wp-content\/uploads\/2017\/06\/Lese_10.jpg\" alt=\"\" width=\"1905\" height=\"735\" srcset=\"https:\/\/www.laemmlin-schindler.de\/cms\/wp-content\/uploads\/2017\/06\/Lese_10.jpg 1905w, https:\/\/www.laemmlin-schindler.de\/cms\/wp-content\/uploads\/2017\/06\/Lese_10-350x135.jpg 350w, https:\/\/www.laemmlin-schindler.de\/cms\/wp-content\/uploads\/2017\/06\/Lese_10-300x116.jpg 300w, https:\/\/www.laemmlin-schindler.de\/cms\/wp-content\/uploads\/2017\/06\/Lese_10-768x296.jpg 768w, https:\/\/www.laemmlin-schindler.de\/cms\/wp-content\/uploads\/2017\/06\/Lese_10-1024x395.jpg 1024w, https:\/\/www.laemmlin-schindler.de\/cms\/wp-content\/uploads\/2017\/06\/Lese_10-864x333.jpg 864w, https:\/\/www.laemmlin-schindler.de\/cms\/wp-content\/uploads\/2017\/06\/Lese_10-1472x568.jpg 1472w\" sizes=\"auto, (max-width: 706px) 89vw, (max-width: 767px) 82vw, 740px\" \/><\/p>\n<p class=\"intro\">Teamwork secures quality<\/p>\n<p>Gerd and Heidi Schindler&#8217;s team consisting of Heidi Breitenfeld, Renate Baur, Jana Schenk und Martina Rissler guarantee competent service at the office and in the sales department.<\/p>\n<p>Cellar master Friedhelm Maier, cooper Jonas F\u00fcnfgeld und Matthias Krumm support Gerd Schindler with meticulous care and passion.<\/p>\n<p>And last, but not least, Gerd and Heidi&#8217;s four children naturally form a fixed component of the estate&#8217;s team: Judith, who is currently studying social work in Freiburg, Jonas, studying for his Abitur in M\u00fcllheim, Simon, apprentice to become a winemaker himself, and Hannah, who is studying for her masters degree in Agricultural and Food Economy in Wien.<\/p>\n","protected":false},"excerpt":{"rendered":"<p>Originally from the area of Heilbronn, after the Thirty Year\u2019s War (1618-1648) the L\u00e4mmlins, a family of winegrowers, moved to the southern part of the Markgr\u00e4flerland. There, settled between the river Rhein and the foothill zone of the Black Forest, a mild climate, moderate wind and regular rainfall offer perfect conditions for growing wine. In &hellip; <\/p>\n<p class=\"link-more\"><a href=\"https:\/\/www.laemmlin-schindler.de\/en\/the-estate\/\" class=\"more-link\">Continue reading<span class=\"screen-reader-text\"> &#8220;The Estate&#8221;<\/span><\/a><\/p>\n","protected":false},"author":1,"featured_media":428,"parent":0,"menu_order":10,"comment_status":"closed","ping_status":"closed","template":"accordeon-page.php","meta":{"_acf_changed":false,"footnotes":""},"class_list":["post-410","page","type-page","status-publish","has-post-thumbnail","hentry"],"acf":[],"jetpack_sharing_enabled":true,"_links":{"self":[{"href":"https:\/\/www.laemmlin-schindler.de\/en\/wp-json\/wp\/v2\/pages\/410","targetHints":{"allow":["GET"]}}],"collection":[{"href":"https:\/\/www.laemmlin-schindler.de\/en\/wp-json\/wp\/v2\/pages"}],"about":[{"href":"https:\/\/www.laemmlin-schindler.de\/en\/wp-json\/wp\/v2\/types\/page"}],"author":[{"embeddable":true,"href":"https:\/\/www.laemmlin-schindler.de\/en\/wp-json\/wp\/v2\/users\/1"}],"replies":[{"embeddable":true,"href":"https:\/\/www.laemmlin-schindler.de\/en\/wp-json\/wp\/v2\/comments?post=410"}],"version-history":[{"count":2,"href":"https:\/\/www.laemmlin-schindler.de\/en\/wp-json\/wp\/v2\/pages\/410\/revisions"}],"predecessor-version":[{"id":477,"href":"https:\/\/www.laemmlin-schindler.de\/en\/wp-json\/wp\/v2\/pages\/410\/revisions\/477"}],"wp:featuredmedia":[{"embeddable":true,"href":"https:\/\/www.laemmlin-schindler.de\/en\/wp-json\/wp\/v2\/media\/428"}],"wp:attachment":[{"href":"https:\/\/www.laemmlin-schindler.de\/en\/wp-json\/wp\/v2\/media?parent=410"}],"curies":[{"name":"wp","href":"https:\/\/api.w.org\/{rel}","templated":true}]}}