{"id":521,"date":"2017-11-14T16:56:22","date_gmt":"2017-11-14T15:56:22","guid":{"rendered":"https:\/\/www.laemmlin-schindler.de\/?page_id=521"},"modified":"2017-11-14T18:53:31","modified_gmt":"2017-11-14T17:53:31","slug":"wines","status":"publish","type":"page","link":"https:\/\/www.laemmlin-schindler.de\/en\/wines\/","title":{"rendered":"Wines"},"content":{"rendered":"<p>Besides the Gutedel that is so characteristic of this region and has been cultivated in Markgr\u00e4flerland for more than 200 years, the Chardonnay and the traditional varieties of Wei\u00dfburgunder, Grauburgunder and Sp\u00e4tburgunder, Gerd Schindler has gradually extended the estate&#8217;s viticulture over the last 20 years. He included, for example, Gew\u00fcrztraminer, Riesling and Sauvignon Blanc, which originates from the Loire Valley and makes for a light and elegant white wine. The cultivation of Merlot especially proved very successful, as the vineyards of L\u00e4mmlin-Schindler offer perfect conditions for its vines that form the basis for outstanding, full-bodied, strong and fruity red wines. <\/p>\n<blockquote class=\"insert quote\"><p>If the vines have been pruned well, leaf and fruit ratio as well as soil management prove right, nature plays along and the time of harvest is correct, then in the cellar &#8216;all&#8217; we need to do is steering it in the right direction.<\/p>\n<footer><cite class=\"quote__author\">Gerd Schindler<\/cite><\/footer>\n<\/blockquote>\n<p>Gerd Schindler is especially proud of his award-winning ruby red Sp\u00e4tburgunder that grows as Gro\u00dfes Gew\u00e4chs on Mauchener Frauenberg. <\/p>\n<p>All L\u00e4mmlin-Schindler&#8217;s wines have a highly individual touch. Their superb quality is no coincidence: In order to achieve rich and balanced results, especially the red vines are grown in small quantities only.  <\/p>\n<p>Traditionally produced varieties of sparkling wine, noble sweet aperitifs and fine varieties of brandy round of the estate&#8217;s extensive assortment.<\/p>\n","protected":false},"excerpt":{"rendered":"<p>Besides the Gutedel that is so characteristic of this region and has been cultivated in Markgr\u00e4flerland for more than 200 years, the Chardonnay and the traditional varieties of Wei\u00dfburgunder, Grauburgunder and Sp\u00e4tburgunder, Gerd Schindler has gradually extended the estate&#8217;s viticulture over the last 20 years. He included, for example, Gew\u00fcrztraminer, Riesling and Sauvignon Blanc, which &hellip; <\/p>\n<p class=\"link-more\"><a href=\"https:\/\/www.laemmlin-schindler.de\/en\/wines\/\" class=\"more-link\">Continue reading<span class=\"screen-reader-text\"> &#8220;Wines&#8221;<\/span><\/a><\/p>\n","protected":false},"author":1,"featured_media":457,"parent":0,"menu_order":50,"comment_status":"closed","ping_status":"closed","template":"accordeon-page.php","meta":{"_acf_changed":false,"footnotes":""},"class_list":["post-521","page","type-page","status-publish","has-post-thumbnail","hentry"],"acf":[],"jetpack_sharing_enabled":true,"_links":{"self":[{"href":"https:\/\/www.laemmlin-schindler.de\/en\/wp-json\/wp\/v2\/pages\/521","targetHints":{"allow":["GET"]}}],"collection":[{"href":"https:\/\/www.laemmlin-schindler.de\/en\/wp-json\/wp\/v2\/pages"}],"about":[{"href":"https:\/\/www.laemmlin-schindler.de\/en\/wp-json\/wp\/v2\/types\/page"}],"author":[{"embeddable":true,"href":"https:\/\/www.laemmlin-schindler.de\/en\/wp-json\/wp\/v2\/users\/1"}],"replies":[{"embeddable":true,"href":"https:\/\/www.laemmlin-schindler.de\/en\/wp-json\/wp\/v2\/comments?post=521"}],"version-history":[{"count":1,"href":"https:\/\/www.laemmlin-schindler.de\/en\/wp-json\/wp\/v2\/pages\/521\/revisions"}],"predecessor-version":[{"id":554,"href":"https:\/\/www.laemmlin-schindler.de\/en\/wp-json\/wp\/v2\/pages\/521\/revisions\/554"}],"wp:featuredmedia":[{"embeddable":true,"href":"https:\/\/www.laemmlin-schindler.de\/en\/wp-json\/wp\/v2\/media\/457"}],"wp:attachment":[{"href":"https:\/\/www.laemmlin-schindler.de\/en\/wp-json\/wp\/v2\/media?parent=521"}],"curies":[{"name":"wp","href":"https:\/\/api.w.org\/{rel}","templated":true}]}}