{"id":547,"date":"2017-11-14T18:20:54","date_gmt":"2017-11-14T17:20:54","guid":{"rendered":"https:\/\/www.laemmlin-schindler.de\/?page_id=547"},"modified":"2017-11-14T18:20:54","modified_gmt":"2017-11-14T17:20:54","slug":"legal-info","status":"publish","type":"page","link":"https:\/\/www.laemmlin-schindler.de\/en\/legal-info\/","title":{"rendered":"Legal Info"},"content":{"rendered":"<p>Weingut L\u00e4mmlin-Schindler<br \/>\nInhaber: Gerd Schindler<br \/>\nM\u00fcllheimer Stra\u00dfe 4<br \/>\n79418 Schliengen-Mauchen<\/p>\n<p>Telefon 07635 \/ 440<br \/>\nTelefax 07635 \/ 436<\/p>\n<p>eMail: weingut@laemmlin-schindler.de<\/p>\n<p>USt.-ID: DE 156612650<\/p>\n<p>Verantwortlich f\u00fcr den Inhalt: Heidi Schwarz-Schindler<\/p>\n<p>Rechtlicher Hinweis zur Haftung:<br \/>\nDie Inhalte externer Links werden von uns sorgf\u00e4ltig gepr\u00fcft.<br \/>\nWir \u00fcbernehmen dennoch keine Haftung f\u00fcr die Inhalte der mit oder von unserer Website verlinkten externen Seiten.<br \/>\nF\u00fcr die Inhalte dieser Seiten sind ausschlie\u00dflich deren Anbieter verantwortlich.<\/p>\n<p>Gestaltung, Konzeption: Hanauer Grafik Design, <a href=\"http:\/\/www.hanauer-design.de\" target=\"_blank\" rel=\"noopener\">www.hanauer-design.de<\/a><br \/>\nFrontend-Design, Umsetzung: BNT.DE Gesellschaft f\u00fcr interaktive Medien, <a href=\"http:\/\/www.bnt.de\" target=\"_blank\" rel=\"noopener\">www.bnt.de<\/a><br \/>\nFotografie: Oliver R\u00fcther, <a href=\"http:\/\/www.oliver-ruether.de\" target=\"_blank\" rel=\"noopener\">www.oliver-ruether.de<\/a>.<\/p>\n","protected":false},"excerpt":{"rendered":"<p>Weingut L\u00e4mmlin-Schindler Inhaber: Gerd Schindler M\u00fcllheimer Stra\u00dfe 4 79418 Schliengen-Mauchen Telefon 07635 \/ 440 Telefax 07635 \/ 436 eMail: weingut@laemmlin-schindler.de USt.-ID: DE 156612650 Verantwortlich f\u00fcr den Inhalt: Heidi Schwarz-Schindler Rechtlicher Hinweis zur Haftung: Die Inhalte externer Links werden von uns sorgf\u00e4ltig gepr\u00fcft. Wir \u00fcbernehmen dennoch keine Haftung f\u00fcr die Inhalte der mit oder von unserer &hellip; <\/p>\n<p class=\"link-more\"><a href=\"https:\/\/www.laemmlin-schindler.de\/en\/legal-info\/\" class=\"more-link\">Continue reading<span class=\"screen-reader-text\"> &#8220;Legal Info&#8221;<\/span><\/a><\/p>\n","protected":false},"author":1,"featured_media":0,"parent":0,"menu_order":1010,"comment_status":"closed","ping_status":"closed","template":"","meta":{"_acf_changed":false,"footnotes":""},"class_list":["post-547","page","type-page","status-publish","hentry"],"acf":[],"jetpack_sharing_enabled":true,"_links":{"self":[{"href":"https:\/\/www.laemmlin-schindler.de\/en\/wp-json\/wp\/v2\/pages\/547","targetHints":{"allow":["GET"]}}],"collection":[{"href":"https:\/\/www.laemmlin-schindler.de\/en\/wp-json\/wp\/v2\/pages"}],"about":[{"href":"https:\/\/www.laemmlin-schindler.de\/en\/wp-json\/wp\/v2\/types\/page"}],"author":[{"embeddable":true,"href":"https:\/\/www.laemmlin-schindler.de\/en\/wp-json\/wp\/v2\/users\/1"}],"replies":[{"embeddable":true,"href":"https:\/\/www.laemmlin-schindler.de\/en\/wp-json\/wp\/v2\/comments?post=547"}],"version-history":[{"count":1,"href":"https:\/\/www.laemmlin-schindler.de\/en\/wp-json\/wp\/v2\/pages\/547\/revisions"}],"predecessor-version":[{"id":548,"href":"https:\/\/www.laemmlin-schindler.de\/en\/wp-json\/wp\/v2\/pages\/547\/revisions\/548"}],"wp:attachment":[{"href":"https:\/\/www.laemmlin-schindler.de\/en\/wp-json\/wp\/v2\/media?parent=547"}],"curies":[{"name":"wp","href":"https:\/\/api.w.org\/{rel}","templated":true}]}}